{"id":481,"date":"2026-04-23T09:15:28","date_gmt":"2026-04-23T07:15:28","guid":{"rendered":"https:\/\/www.railandrepair.de\/?page_id=481"},"modified":"2026-04-23T09:15:28","modified_gmt":"2026-04-23T07:15:28","slug":"unsere-werte","status":"publish","type":"page","link":"https:\/\/www.railandrepair.de\/?page_id=481","title":{"rendered":"Unsere Werte"},"content":{"rendered":"\n<p>Die Arbeit der <strong>FE Rail &amp; Repair GmbH<\/strong> basiert auf klaren Grundprinzipien, die unser t\u00e4gliches Handeln bestimmen. Sie bilden die Grundlage f\u00fcr eine zuverl\u00e4ssige, sichere und transparente Instandhaltung von Schienenfahrzeuge.<\/p>\n\n\n\n<p><strong>Sicherheit hat oberste Priorit\u00e4t<\/strong><\/p>\n\n\n\n<p>Die Sicherheit von Mitarbeitenden, Kunden und der \u00d6ffentlichkeit steht f\u00fcr uns an erster Stelle.<\/p>\n\n\n\n<p>Alle Instandhaltungsarbeiten werden unter Einhaltung strenger Sicherheitsvorgaben sowie mit gepr\u00fcften Werkzeugen und pers\u00f6nlicher Schutzausr\u00fcstung durchgef\u00fchrt.<\/p>\n\n\n\n<p>Unsere Arbeitsweise orientiert sich konsequent an den geltenden technischen Regelwerken und Sicherheitsstandards der Bahnbranche.<\/p>\n\n\n\n<p><strong>Qualit\u00e4t ohne Kompromisse<\/strong><\/p>\n\n\n\n<p>Eine fachgerechte Instandhaltung ist entscheidend f\u00fcr die sichere und wirtschaftliche Nutzung von G\u00fcterwagen und Lokomotiven.<\/p>\n\n\n\n<p>Unsere qualifizierten Techniker f\u00fchren alle Arbeiten nach den Anforderungen der <strong>ECM-Vorgaben, VPI-Richtlinien sowie den anerkannten Regeln der Technik<\/strong> durch.<\/p>\n\n\n\n<p>Regelm\u00e4\u00dfige Schulungen und eine hohe technische Kompetenz stellen sicher, dass unsere Leistungen dauerhaft h\u00f6chsten Qualit\u00e4tsanspr\u00fcchen gerecht werden.<\/p>\n\n\n\n<p><strong>Transparenz durch nachvollziehbare Dokumentation<\/strong><\/p>\n\n\n\n<p>Eine vollst\u00e4ndige und transparente Dokumentation ist ein zentraler Bestandteil moderner Instandhaltung.<\/p>\n\n\n\n<p>Jede durchgef\u00fchrte Ma\u00dfnahme wird bei uns strukturiert dokumentiert und f\u00fcr unsere Kunden nachvollziehbar aufbereitet. Dadurch schaffen wir Vertrauen und unterst\u00fctzen Halter sowie Betreiber bei ihren Dokumentations- und Nachweispflichten.<\/p>\n\n\n\n<p><strong>Flexibilit\u00e4t und schnelle Reaktionsf\u00e4higkeit<\/strong><\/p>\n\n\n\n<p>Stillstehende Fahrzeuge verursachen Kosten und beeintr\u00e4chtigen den Betriebsablauf.<\/p>\n\n\n\n<p>Deshalb setzen wir konsequent auf mobile Instandhaltung und flexible Einsatzstrukturen.<\/p>\n\n\n\n<p>Unsere Serviceteams sind bundesweit einsatzbereit und reagieren schnell auf Anforderungen unserer Kunden \u2013 von geplanten Wartungsarbeiten bis hin zu kurzfristigen Schad,- und St\u00f6rungsf\u00e4llen.<\/p>\n\n\n\n<p><strong>Unser Anspruch<\/strong><\/p>\n\n\n\n<p>Mit technischem Know-how, modernen Arbeitsmitteln und einer klaren Qualit\u00e4tsphilosophie arbeiten wir jeden Tag daran, unseren Kunden einen zuverl\u00e4ssigen und leistungsstarken Instandhaltungsservice zu bieten.<\/p>\n\n\n\n<p><strong>FE Rail &amp; Repair \u2013 Verf\u00fcgbarkeit statt Stillstand &#8211; flexibel &#8211; zuverl\u00e4ssig &#8211; qualitativ<\/strong><\/p>\n","protected":false},"excerpt":{"rendered":"<p>Die Arbeit der FE Rail &amp; Repair GmbH basiert auf klaren Grundprinzipien, die unser t\u00e4gliches Handeln bestimmen. Sie bilden die Grundlage f\u00fcr eine zuverl\u00e4ssige, sichere und transparente Instandhaltung von Schienenfahrzeuge. Sicherheit hat oberste Priorit\u00e4t Die Sicherheit von Mitarbeitenden, Kunden und der \u00d6ffentlichkeit steht f\u00fcr uns an erster Stelle. Alle Instandhaltungsarbeiten werden unter Einhaltung strenger Sicherheitsvorgaben [&hellip;]<\/p>\n","protected":false},"author":2,"featured_media":0,"parent":0,"menu_order":0,"comment_status":"closed","ping_status":"closed","template":"","meta":{"footnotes":""},"class_list":["post-481","page","type-page","status-publish","hentry"],"_links":{"self":[{"href":"https:\/\/www.railandrepair.de\/index.php?rest_route=\/wp\/v2\/pages\/481","targetHints":{"allow":["GET"]}}],"collection":[{"href":"https:\/\/www.railandrepair.de\/index.php?rest_route=\/wp\/v2\/pages"}],"about":[{"href":"https:\/\/www.railandrepair.de\/index.php?rest_route=\/wp\/v2\/types\/page"}],"author":[{"embeddable":true,"href":"https:\/\/www.railandrepair.de\/index.php?rest_route=\/wp\/v2\/users\/2"}],"replies":[{"embeddable":true,"href":"https:\/\/www.railandrepair.de\/index.php?rest_route=%2Fwp%2Fv2%2Fcomments&post=481"}],"version-history":[{"count":1,"href":"https:\/\/www.railandrepair.de\/index.php?rest_route=\/wp\/v2\/pages\/481\/revisions"}],"predecessor-version":[{"id":483,"href":"https:\/\/www.railandrepair.de\/index.php?rest_route=\/wp\/v2\/pages\/481\/revisions\/483"}],"wp:attachment":[{"href":"https:\/\/www.railandrepair.de\/index.php?rest_route=%2Fwp%2Fv2%2Fmedia&parent=481"}],"curies":[{"name":"wp","href":"https:\/\/api.w.org\/{rel}","templated":true}]}}