{"id":475,"date":"2026-04-23T08:30:54","date_gmt":"2026-04-23T06:30:54","guid":{"rendered":"https:\/\/www.railandrepair.de\/?page_id=475"},"modified":"2026-04-23T08:30:54","modified_gmt":"2026-04-23T06:30:54","slug":"das-team","status":"publish","type":"page","link":"https:\/\/www.railandrepair.de\/?page_id=475","title":{"rendered":"Das Team"},"content":{"rendered":"\n<p><strong>Das Team hinter der FERR<\/strong><\/p>\n\n\n\n<p>Hinter der FE Rail &amp; Repair GmbH steht ein engagiertes Team aus erfahrenen Fachkr\u00e4ften, das t\u00e4glich mit Kompetenz, Einsatzbereitschaft und Leidenschaft f\u00fcr zuverl\u00e4ssige Schienenfahrzeugdienstleistungen sorgt. Unser Anspruch ist es, technische Herausforderungen nicht nur fachgerecht, sondern auch flexibel, schnell und l\u00f6sungsorientiert zu meistern.<\/p>\n\n\n\n<p>Was uns auszeichnet, ist das Zusammenspiel aus praktischem Know-how, hoher Regelwerkskenntnis und echter Hands-on-Mentalit\u00e4t. Ob mobile Instandhaltung an G\u00fcterwagen und Lokomotiven, wagentechnische Untersuchungen oder Leistungen im Projektbereich \u2013 bei der FERR arbeiten Menschen, die Verantwortung \u00fcbernehmen und Verf\u00fcgbarkeit f\u00fcr unsere Kunden t\u00e4glich neu m\u00f6glich machen.<\/p>\n\n\n\n<p>Dabei steht nicht nur die fachliche Qualit\u00e4t im Mittelpunkt, sondern auch der Teamgedanke. Verl\u00e4sslichkeit, gegenseitige Unterst\u00fctzung und ein gemeinsames Verst\u00e4ndnis f\u00fcr Leistung und Kundenorientierung pr\u00e4gen unsere t\u00e4gliche Arbeit \u2013 im B\u00fcro, in der Planung und direkt im Einsatz vor Ort.<\/p>\n\n\n\n<p><\/p>\n","protected":false},"excerpt":{"rendered":"<p>Das Team hinter der FERR Hinter der FE Rail &amp; Repair GmbH steht ein engagiertes Team aus erfahrenen Fachkr\u00e4ften, das t\u00e4glich mit Kompetenz, Einsatzbereitschaft und Leidenschaft f\u00fcr zuverl\u00e4ssige Schienenfahrzeugdienstleistungen sorgt. Unser Anspruch ist es, technische Herausforderungen nicht nur fachgerecht, sondern auch flexibel, schnell und l\u00f6sungsorientiert zu meistern. Was uns auszeichnet, ist das Zusammenspiel aus praktischem [&hellip;]<\/p>\n","protected":false},"author":2,"featured_media":0,"parent":0,"menu_order":0,"comment_status":"closed","ping_status":"closed","template":"","meta":{"footnotes":""},"class_list":["post-475","page","type-page","status-publish","hentry"],"_links":{"self":[{"href":"https:\/\/www.railandrepair.de\/index.php?rest_route=\/wp\/v2\/pages\/475","targetHints":{"allow":["GET"]}}],"collection":[{"href":"https:\/\/www.railandrepair.de\/index.php?rest_route=\/wp\/v2\/pages"}],"about":[{"href":"https:\/\/www.railandrepair.de\/index.php?rest_route=\/wp\/v2\/types\/page"}],"author":[{"embeddable":true,"href":"https:\/\/www.railandrepair.de\/index.php?rest_route=\/wp\/v2\/users\/2"}],"replies":[{"embeddable":true,"href":"https:\/\/www.railandrepair.de\/index.php?rest_route=%2Fwp%2Fv2%2Fcomments&post=475"}],"version-history":[{"count":1,"href":"https:\/\/www.railandrepair.de\/index.php?rest_route=\/wp\/v2\/pages\/475\/revisions"}],"predecessor-version":[{"id":476,"href":"https:\/\/www.railandrepair.de\/index.php?rest_route=\/wp\/v2\/pages\/475\/revisions\/476"}],"wp:attachment":[{"href":"https:\/\/www.railandrepair.de\/index.php?rest_route=%2Fwp%2Fv2%2Fmedia&parent=475"}],"curies":[{"name":"wp","href":"https:\/\/api.w.org\/{rel}","templated":true}]}}