{"id":429,"date":"2026-04-21T07:48:49","date_gmt":"2026-04-21T05:48:49","guid":{"rendered":"https:\/\/www.railandrepair.de\/?page_id=429"},"modified":"2026-04-21T17:52:47","modified_gmt":"2026-04-21T15:52:47","slug":"referenzen-zertifikate","status":"publish","type":"page","link":"https:\/\/www.railandrepair.de\/?page_id=429","title":{"rendered":"Referenzen \/ Zertifikate"},"content":{"rendered":"\n<p class=\"has-text-align-center\"><strong>Gepr\u00fcfte Qualit\u00e4t. Nachgewiesene Kompetenz. Verl\u00e4ssliche Sicherheit.<\/strong><br>Mit <strong>ISO 9001<\/strong>, <strong>ECM nach EU VO 779\/2019<\/strong> und der <strong>fachtechnischen Begutachtung durch den VPI-VERS<\/strong> steht FE Rail &amp; Repair f\u00fcr regelkonforme Instandhaltung, hohe Fachkompetenz und verl\u00e4ssliche Qualit\u00e4t im Einsatz.<\/p>\n\n\n\n<div class=\"wp-block-group has-global-padding is-layout-constrained wp-container-core-group-is-layout-6363ca6f wp-block-group-is-layout-constrained\" style=\"margin-top:var(--wp--preset--spacing--xx-large);margin-bottom:var(--wp--preset--spacing--xx-large)\">\n<div class=\"wp-block-columns animated animated-fadeInUp is-layout-flex wp-container-core-columns-is-layout-494b7923 wp-block-columns-is-layout-flex\">\n<div class=\"wp-block-column is-layout-flow wp-block-column-is-layout-flow\">\n<div class=\"wp-block-group is-style-bk-box-shadow has-global-padding is-layout-constrained wp-container-core-group-is-layout-e20e7e2d wp-block-group-is-layout-constrained\" style=\"border-radius:5px;padding-top:var(--wp--preset--spacing--large);padding-right:var(--wp--preset--spacing--large);padding-bottom:var(--wp--preset--spacing--large);padding-left:var(--wp--preset--spacing--large)\">\n<figure class=\"wp-block-image aligncenter size-full\"><img loading=\"lazy\" decoding=\"async\" width=\"500\" height=\"500\" src=\"https:\/\/www.railandrepair.de\/wp-content\/uploads\/2026\/04\/ISO9001.png\" alt=\"\" class=\"wp-image-438\" srcset=\"https:\/\/www.railandrepair.de\/wp-content\/uploads\/2026\/04\/ISO9001.png 500w, https:\/\/www.railandrepair.de\/wp-content\/uploads\/2026\/04\/ISO9001-300x300.png 300w, https:\/\/www.railandrepair.de\/wp-content\/uploads\/2026\/04\/ISO9001-150x150.png 150w\" sizes=\"auto, (max-width: 500px) 100vw, 500px\" \/><\/figure>\n\n\n\n<h5 class=\"wp-block-heading has-text-align-center\" style=\"letter-spacing:-0.04em;line-height:1.1\">ISO9001:2015<\/h5>\n\n\n\n<p class=\"has-text-align-center\">Unsere Zertifizierung nach <strong>ISO 9001<\/strong> steht f\u00fcr strukturierte Prozesse, hohe Verl\u00e4sslichkeit und den klaren Anspruch, Qualit\u00e4t jeden Tag messbar zu leben. So schaffen wir die Grundlage f\u00fcr sichere, effiziente und kundenorientierte Leistungen im t\u00e4glichen Einsatz.<\/p>\n\n\n\n<div data-wp-interactive=\"core\/file\" class=\"wp-block-file aligncenter\"><object data-wp-bind--hidden=\"!state.hasPdfPreview\" hidden class=\"wp-block-file__embed\" data=\"https:\/\/www.railandrepair.de\/wp-content\/uploads\/2026\/04\/20260219_Zertifikat_FE_Rail__Repair-1.pdf\" type=\"application\/pdf\" style=\"width:100%;height:600px\" aria-label=\"PDF-Einbettung\"><\/object><a href=\"https:\/\/www.railandrepair.de\/wp-content\/uploads\/2026\/04\/20260219_Zertifikat_FE_Rail__Repair-1.pdf\" class=\"wp-block-file__button wp-element-button\" download>Herunterladen<\/a><\/div>\n<\/div>\n<\/div>\n\n\n\n<div class=\"wp-block-column is-layout-flow wp-block-column-is-layout-flow\">\n<div class=\"wp-block-group is-style-bk-box-shadow has-global-padding is-layout-constrained wp-container-core-group-is-layout-e20e7e2d wp-block-group-is-layout-constrained\" style=\"border-radius:5px;padding-top:var(--wp--preset--spacing--large);padding-right:var(--wp--preset--spacing--large);padding-bottom:var(--wp--preset--spacing--large);padding-left:var(--wp--preset--spacing--large)\">\n<div class=\"wp-block-group has-global-padding is-layout-constrained wp-block-group-is-layout-constrained\">\n<div class=\"wp-block-group has-global-padding is-layout-constrained wp-block-group-is-layout-constrained\">\n<figure class=\"wp-block-image size-full\"><img loading=\"lazy\" decoding=\"async\" width=\"534\" height=\"712\" src=\"https:\/\/www.railandrepair.de\/wp-content\/uploads\/2026\/04\/ECM-HP-1.jpg\" alt=\"\" class=\"wp-image-450\" srcset=\"https:\/\/www.railandrepair.de\/wp-content\/uploads\/2026\/04\/ECM-HP-1.jpg 534w, https:\/\/www.railandrepair.de\/wp-content\/uploads\/2026\/04\/ECM-HP-1-225x300.jpg 225w\" sizes=\"auto, (max-width: 534px) 100vw, 534px\" \/><\/figure>\n<\/div>\n<\/div>\n\n\n\n<h5 class=\"wp-block-heading has-text-align-center\" style=\"letter-spacing:-0.04em;line-height:1.1\">ECM EU VO 779\/2019<\/h5>\n\n\n\n<p class=\"has-text-align-center\">Mit unserer ECM-Zertifizierung schaffen wir die Grundlage f\u00fcr sichere, regelkonforme und nachvollziehbare Instandhaltungsprozesse. Sie steht f\u00fcr Verantwortung, technische Sicherheit und einen Partner, auf den im operativen Alltag Verlass ist.<\/p>\n\n\n\n<div data-wp-interactive=\"core\/file\" class=\"wp-block-file aligncenter\"><object data-wp-bind--hidden=\"!state.hasPdfPreview\" hidden class=\"wp-block-file__embed\" data=\"https:\/\/www.railandrepair.de\/wp-content\/uploads\/2026\/04\/2025-11-03-ECM-Zertifikat-FE-Rail-Repair-03.11.2025.pdf\" type=\"application\/pdf\" style=\"width:100%;height:600px\" aria-label=\"PDF-Einbettung\"><\/object><a href=\"https:\/\/www.railandrepair.de\/wp-content\/uploads\/2026\/04\/2025-11-03-ECM-Zertifikat-FE-Rail-Repair-03.11.2025.pdf\" class=\"wp-block-file__button wp-element-button\" download>Herunterladen<\/a><\/div>\n<\/div>\n<\/div>\n\n\n\n<div class=\"wp-block-column is-layout-flow wp-block-column-is-layout-flow\">\n<div class=\"wp-block-group is-style-bk-box-shadow has-global-padding is-layout-constrained wp-container-core-group-is-layout-e20e7e2d wp-block-group-is-layout-constrained\" style=\"border-radius:5px;padding-top:var(--wp--preset--spacing--large);padding-right:var(--wp--preset--spacing--large);padding-bottom:var(--wp--preset--spacing--large);padding-left:var(--wp--preset--spacing--large)\">\n<div class=\"wp-block-group has-global-padding is-layout-constrained wp-block-group-is-layout-constrained\">\n<div class=\"wp-block-group has-global-padding is-layout-constrained wp-block-group-is-layout-constrained\">\n<figure class=\"wp-block-image size-full\"><img loading=\"lazy\" decoding=\"async\" width=\"852\" height=\"532\" src=\"https:\/\/www.railandrepair.de\/wp-content\/uploads\/2026\/04\/VPI-VERS-HP-1.jpg\" alt=\"\" class=\"wp-image-453\" srcset=\"https:\/\/www.railandrepair.de\/wp-content\/uploads\/2026\/04\/VPI-VERS-HP-1.jpg 852w, https:\/\/www.railandrepair.de\/wp-content\/uploads\/2026\/04\/VPI-VERS-HP-1-300x187.jpg 300w, https:\/\/www.railandrepair.de\/wp-content\/uploads\/2026\/04\/VPI-VERS-HP-1-768x480.jpg 768w\" sizes=\"auto, (max-width: 852px) 100vw, 852px\" \/><\/figure>\n<\/div>\n<\/div>\n\n\n\n<h5 class=\"wp-block-heading has-text-align-center\" style=\"letter-spacing:-0.04em;line-height:1.1\">Fachtechnische Begutachtung<\/h5>\n\n\n\n<p class=\"has-text-align-center\">Die fachtechnische Begutachtung durch den VPI-VERS best\u00e4tigt unsere Kompetenz im Bereich der G\u00fcterwageninstandhaltung. F\u00fcr unsere Kunden ist das ein klares Zeichen f\u00fcr technisches Know-how, Regelwerkssicherheit und hohe fachliche Standards.<\/p>\n\n\n\n<div data-wp-interactive=\"core\/file\" class=\"wp-block-file aligncenter\"><object data-wp-bind--hidden=\"!state.hasPdfPreview\" hidden class=\"wp-block-file__embed\" data=\"https:\/\/www.railandrepair.de\/wp-content\/uploads\/2026\/04\/2025-10-30-Kompetenzbestaetigung-2025-FE-Rail-Repair.pdf\" type=\"application\/pdf\" style=\"width:100%;height:600px\" aria-label=\"PDF-Einbettung\"><\/object><a href=\"https:\/\/www.railandrepair.de\/wp-content\/uploads\/2026\/04\/2025-10-30-Kompetenzbestaetigung-2025-FE-Rail-Repair.pdf\" class=\"wp-block-file__button wp-element-button\" download>Herunterladen<\/a><\/div>\n<\/div>\n<\/div>\n<\/div>\n\n\n\n<div class=\"wp-block-columns animated animated-fadeInUp is-layout-flex wp-container-core-columns-is-layout-494b7923 wp-block-columns-is-layout-flex\">\n<div class=\"wp-block-column is-layout-flow wp-block-column-is-layout-flow\"><\/div>\n\n\n\n<div class=\"wp-block-column is-layout-flow wp-block-column-is-layout-flow\"><\/div>\n\n\n\n<div class=\"wp-block-column is-layout-flow wp-block-column-is-layout-flow\"><\/div>\n<\/div>\n<\/div>\n","protected":false},"excerpt":{"rendered":"<p>Gepr\u00fcfte Qualit\u00e4t. Nachgewiesene Kompetenz. Verl\u00e4ssliche Sicherheit.Mit ISO 9001, ECM nach EU VO 779\/2019 und der fachtechnischen Begutachtung durch den VPI-VERS steht FE Rail &amp; Repair f\u00fcr regelkonforme Instandhaltung, hohe Fachkompetenz und verl\u00e4ssliche Qualit\u00e4t im Einsatz. ISO9001:2015 Unsere Zertifizierung nach ISO 9001 steht f\u00fcr strukturierte Prozesse, hohe Verl\u00e4sslichkeit und den klaren Anspruch, Qualit\u00e4t jeden Tag messbar [&hellip;]<\/p>\n","protected":false},"author":2,"featured_media":0,"parent":0,"menu_order":0,"comment_status":"closed","ping_status":"closed","template":"","meta":{"footnotes":""},"class_list":["post-429","page","type-page","status-publish","hentry"],"_links":{"self":[{"href":"https:\/\/www.railandrepair.de\/index.php?rest_route=\/wp\/v2\/pages\/429","targetHints":{"allow":["GET"]}}],"collection":[{"href":"https:\/\/www.railandrepair.de\/index.php?rest_route=\/wp\/v2\/pages"}],"about":[{"href":"https:\/\/www.railandrepair.de\/index.php?rest_route=\/wp\/v2\/types\/page"}],"author":[{"embeddable":true,"href":"https:\/\/www.railandrepair.de\/index.php?rest_route=\/wp\/v2\/users\/2"}],"replies":[{"embeddable":true,"href":"https:\/\/www.railandrepair.de\/index.php?rest_route=%2Fwp%2Fv2%2Fcomments&post=429"}],"version-history":[{"count":6,"href":"https:\/\/www.railandrepair.de\/index.php?rest_route=\/wp\/v2\/pages\/429\/revisions"}],"predecessor-version":[{"id":459,"href":"https:\/\/www.railandrepair.de\/index.php?rest_route=\/wp\/v2\/pages\/429\/revisions\/459"}],"wp:attachment":[{"href":"https:\/\/www.railandrepair.de\/index.php?rest_route=%2Fwp%2Fv2%2Fmedia&parent=429"}],"curies":[{"name":"wp","href":"https:\/\/api.w.org\/{rel}","templated":true}]}}