{"id":111,"date":"2026-03-11T19:52:54","date_gmt":"2026-03-11T18:52:54","guid":{"rendered":"https:\/\/www.railandrepair.de\/?page_id=111"},"modified":"2026-04-02T12:41:38","modified_gmt":"2026-04-02T10:41:38","slug":"schadwagenmanagement","status":"publish","type":"page","link":"https:\/\/www.railandrepair.de\/?page_id=111","title":{"rendered":"Schadwagenmanagement"},"content":{"rendered":"\n<h2 class=\"wp-block-heading\">Schadwagenmanagement<\/h2>\n\n\n\n<p><\/p>\n\n\n\n<p>Wir \u00fcbernehmen die technische Bewertung, Dokumentation und Organisation der Instandsetzung von Schadwagen gem\u00e4\u00df AVV und geltenden Regelwerken.<\/p>\n\n\n\n<p><\/p>\n\n\n\n<p>Leistungen:<\/p>\n\n\n\n<ul class=\"wp-block-list\">\n<li>Schadaufnahme vor Ort<\/li>\n\n\n\n<li>Kommunikation mit Halter und Beteiligten<\/li>\n\n\n\n<li>Organisation der Reparatur<\/li>\n\n\n\n<li>Dokumentation und Berichtswesen<\/li>\n\n\n\n<li>Lauff\u00e4higkeitsherstellung<\/li>\n<\/ul>\n","protected":false},"excerpt":{"rendered":"<p>Schadwagenmanagement Wir \u00fcbernehmen die technische Bewertung, Dokumentation und Organisation der Instandsetzung von Schadwagen gem\u00e4\u00df AVV und geltenden Regelwerken. Leistungen:<\/p>\n","protected":false},"author":2,"featured_media":0,"parent":0,"menu_order":0,"comment_status":"closed","ping_status":"closed","template":"","meta":{"footnotes":""},"class_list":["post-111","page","type-page","status-publish","hentry"],"_links":{"self":[{"href":"https:\/\/www.railandrepair.de\/index.php?rest_route=\/wp\/v2\/pages\/111","targetHints":{"allow":["GET"]}}],"collection":[{"href":"https:\/\/www.railandrepair.de\/index.php?rest_route=\/wp\/v2\/pages"}],"about":[{"href":"https:\/\/www.railandrepair.de\/index.php?rest_route=\/wp\/v2\/types\/page"}],"author":[{"embeddable":true,"href":"https:\/\/www.railandrepair.de\/index.php?rest_route=\/wp\/v2\/users\/2"}],"replies":[{"embeddable":true,"href":"https:\/\/www.railandrepair.de\/index.php?rest_route=%2Fwp%2Fv2%2Fcomments&post=111"}],"version-history":[{"count":3,"href":"https:\/\/www.railandrepair.de\/index.php?rest_route=\/wp\/v2\/pages\/111\/revisions"}],"predecessor-version":[{"id":379,"href":"https:\/\/www.railandrepair.de\/index.php?rest_route=\/wp\/v2\/pages\/111\/revisions\/379"}],"wp:attachment":[{"href":"https:\/\/www.railandrepair.de\/index.php?rest_route=%2Fwp%2Fv2%2Fmedia&parent=111"}],"curies":[{"name":"wp","href":"https:\/\/api.w.org\/{rel}","templated":true}]}}