{"id":109,"date":"2026-03-11T19:52:20","date_gmt":"2026-03-11T18:52:20","guid":{"rendered":"https:\/\/www.railandrepair.de\/?page_id=109"},"modified":"2026-04-21T19:29:12","modified_gmt":"2026-04-21T17:29:12","slug":"mobile-instandhaltung","status":"publish","type":"page","link":"https:\/\/www.railandrepair.de\/?page_id=109","title":{"rendered":"mobile Instandhaltung"},"content":{"rendered":"\n<p><\/p>\n\n\n\n<h2 class=\"wp-block-heading\">mobile Instandhaltung<\/h2>\n\n\n\n<p class=\"has-text-align-center\"><strong>Unsere Kernkompetenz<\/strong><\/p>\n\n\n\n<p><\/p>\n\n\n\n<p>Unsere mobilen Serviceteams f\u00fchren Wartungen und Reparaturen direkt am Standort des Schienenfahrzeugs durch. Dadurch k\u00f6nnen Stillstandzeiten reduziert und Fahrzeuge schneller wieder in Betrieb genommen werden.<\/p>\n\n\n\n<p><\/p>\n\n\n\n<p><strong>Leistungen<\/strong><\/p>\n\n\n\n<ul class=\"wp-block-list\">\n<li>Reparaturen an Schienenfahrzeugen<\/li>\n\n\n\n<li>Lauff\u00e4higkeitsherstellung<\/li>\n\n\n\n<li>Bremspr\u00fcfungen<\/li>\n\n\n\n<li>Austausch von Bauteilen<\/li>\n\n\n\n<li>Notfallreparaturen<\/li>\n<\/ul>\n\n\n\n<p><strong>Vorteile<\/strong><\/p>\n\n\n\n<ul class=\"wp-block-list\">\n<li>kurze Reaktionszeiten<\/li>\n\n\n\n<li>keine \u00dcberf\u00fchrung in Werkst\u00e4tten notwendig<\/li>\n\n\n\n<li>wirtschaftliche Instandhaltung<\/li>\n<\/ul>\n","protected":false},"excerpt":{"rendered":"<p>mobile Instandhaltung Unsere Kernkompetenz Unsere mobilen Serviceteams f\u00fchren Wartungen und Reparaturen direkt am Standort des Schienenfahrzeugs durch. Dadurch k\u00f6nnen Stillstandzeiten reduziert und Fahrzeuge schneller wieder in Betrieb genommen werden. Leistungen Vorteile<\/p>\n","protected":false},"author":2,"featured_media":0,"parent":0,"menu_order":0,"comment_status":"closed","ping_status":"closed","template":"","meta":{"footnotes":""},"class_list":["post-109","page","type-page","status-publish","hentry"],"_links":{"self":[{"href":"https:\/\/www.railandrepair.de\/index.php?rest_route=\/wp\/v2\/pages\/109","targetHints":{"allow":["GET"]}}],"collection":[{"href":"https:\/\/www.railandrepair.de\/index.php?rest_route=\/wp\/v2\/pages"}],"about":[{"href":"https:\/\/www.railandrepair.de\/index.php?rest_route=\/wp\/v2\/types\/page"}],"author":[{"embeddable":true,"href":"https:\/\/www.railandrepair.de\/index.php?rest_route=\/wp\/v2\/users\/2"}],"replies":[{"embeddable":true,"href":"https:\/\/www.railandrepair.de\/index.php?rest_route=%2Fwp%2Fv2%2Fcomments&post=109"}],"version-history":[{"count":6,"href":"https:\/\/www.railandrepair.de\/index.php?rest_route=\/wp\/v2\/pages\/109\/revisions"}],"predecessor-version":[{"id":464,"href":"https:\/\/www.railandrepair.de\/index.php?rest_route=\/wp\/v2\/pages\/109\/revisions\/464"}],"wp:attachment":[{"href":"https:\/\/www.railandrepair.de\/index.php?rest_route=%2Fwp%2Fv2%2Fmedia&parent=109"}],"curies":[{"name":"wp","href":"https:\/\/api.w.org\/{rel}","templated":true}]}}